{"id":33,"date":"2021-02-19T16:48:01","date_gmt":"2021-02-19T15:48:01","guid":{"rendered":"https:\/\/heidelberg-yoga.de\/?page_id=33"},"modified":"2021-02-19T16:48:01","modified_gmt":"2021-02-19T15:48:01","slug":"barre-concept","status":"publish","type":"page","link":"https:\/\/heidelberg-yoga.de\/?page_id=33","title":{"rendered":"barre concept\u00ae"},"content":{"rendered":"\n<p><em>barre concept\u00ae<\/em> ist eine kraftvolle Trainingsmethode f\u00fcr deinen ganzen K\u00f6rper. Neben barre &#8211; der Ballettstange ist in diesem Workout Cardiotraining XXXXX????<\/p>\n\n\n\n<p>DIe Muskeln werden gezielt gest\u00e4rkt und gedehnt. Dies hat einen wundersch\u00f6nen aufgerichteten und gest\u00e4rkt anmuten K\u00f6rper zur Folge.<\/p>\n\n\n\n<h2 class=\"wp-block-heading\">Benefits von <em>barre concept\u00ae<\/em><\/h2>\n\n\n\n<p><em>barre concept\u00ae<\/em> st\u00e4rkt den ganzen K\u00f6rper optimal. Es verbessert die Beweglichkeit, st\u00e4rkt alle Gelenke (Wirbels\u00e4ule, H\u00fcfte, Knie) und die Beckenbodenmuskulatur.<\/p>\n\n\n\n<p><em>barre concept\u00ae<\/em> ist ein optimales Training zur R\u00fcckbildung nach der Geburt. Gerne beraten wir Dich hierzu. Schreib uns an!<\/p>\n\n\n\n<p><\/p>\n\n\n\n<p>XXXX PLATZ F\u00dcR KONTAKTFORM XXXXX<\/p>\n\n\n\n<p>XXX Schnupperstunde 60 Minuten, 10er Karte, flat Yoga + barre all in 90\u20ac<\/p>\n","protected":false},"excerpt":{"rendered":"<p>barre concept\u00ae ist eine kraftvolle Trainingsmethode f\u00fcr deinen ganzen K\u00f6rper. Neben barre &#8211; der Ballettstange ist in diesem Workout Cardiotraining XXXXX???? DIe Muskeln werden gezielt gest\u00e4rkt und gedehnt. Dies hat einen wundersch\u00f6nen aufgerichteten und gest\u00e4rkt anmuten K\u00f6rper zur Folge. Benefits von barre concept\u00ae barre concept\u00ae st\u00e4rkt den ganzen K\u00f6rper optimal. Es verbessert die Beweglichkeit, st\u00e4rkt&hellip; <a class=\"more-link\" href=\"https:\/\/heidelberg-yoga.de\/?page_id=33\"><span class=\"screen-reader-text\">barre concept\u00ae<\/span> weiterlesen<\/a><\/p>\n","protected":false},"author":1,"featured_media":0,"parent":0,"menu_order":0,"comment_status":"closed","ping_status":"closed","template":"","meta":{"footnotes":""},"class_list":["post-33","page","type-page","status-publish","hentry","entry"],"_links":{"self":[{"href":"https:\/\/heidelberg-yoga.de\/index.php?rest_route=\/wp\/v2\/pages\/33","targetHints":{"allow":["GET"]}}],"collection":[{"href":"https:\/\/heidelberg-yoga.de\/index.php?rest_route=\/wp\/v2\/pages"}],"about":[{"href":"https:\/\/heidelberg-yoga.de\/index.php?rest_route=\/wp\/v2\/types\/page"}],"author":[{"embeddable":true,"href":"https:\/\/heidelberg-yoga.de\/index.php?rest_route=\/wp\/v2\/users\/1"}],"replies":[{"embeddable":true,"href":"https:\/\/heidelberg-yoga.de\/index.php?rest_route=%2Fwp%2Fv2%2Fcomments&post=33"}],"version-history":[{"count":1,"href":"https:\/\/heidelberg-yoga.de\/index.php?rest_route=\/wp\/v2\/pages\/33\/revisions"}],"predecessor-version":[{"id":35,"href":"https:\/\/heidelberg-yoga.de\/index.php?rest_route=\/wp\/v2\/pages\/33\/revisions\/35"}],"wp:attachment":[{"href":"https:\/\/heidelberg-yoga.de\/index.php?rest_route=%2Fwp%2Fv2%2Fmedia&parent=33"}],"curies":[{"name":"wp","href":"https:\/\/api.w.org\/{rel}","templated":true}]}}